{"id":242,"date":"2021-11-18T15:34:26","date_gmt":"2021-11-18T14:34:26","guid":{"rendered":"https:\/\/mediacne.sk\/?page_id=242"},"modified":"2024-06-27T15:23:28","modified_gmt":"2024-06-27T13:23:28","slug":"mediacia-v-realitnom-obchode","status":"publish","type":"page","link":"http:\/\/mediacne.sk\/mediacia-v-realitnom-obchode\/","title":{"rendered":"Medi\u00e1cia v spr\u00e1ve majetku  &#8211; reality"},"content":{"rendered":"\n<p><\/p>\n\n\n\n<p><strong>Medi\u00e1cia v realit\u00e1ch: <\/strong> <\/p>\n\n\n\n<p>Peter Kremnick\u00fd m\u00e1 25 ro\u010dn\u00e9 sk\u00fasenosti so spr\u00e1vou , pren\u00e1jmom, k\u00fapou \u010di  predajom nehnute\u013enost\u00ed.<\/p>\n\n\n\n<p>Absolvoval  akreditovan\u00fd kurz v  renomovanej realitnej kancel\u00e1rii REMAX a svoje sk\u00fasenosti vie pon\u00faknu\u0165 aj pri medi\u00e1cii s majetkom , pr\u00edpadne jeho predajom.<\/p>\n\n\n\n<p><\/p>\n\n\n\n<p><\/p>\n\n\n\n<p>St\u00e1va sa, \u017ee viacer\u00ed majitelia nehnute\u013enost\u00ed, bytu \u010di firmy, nedok\u00e1\u017eu spolo\u010dne komunikova\u0165 vo veci organiz\u00e1cie , pren\u00e1jmu , \u010di predaja. <\/p>\n\n\n\n<p>R\u00e1d V\u00e1s bude spolo\u010dne &#8222;mediova\u0165&#8220; , a zastupova\u0165 v\u0161etky z\u00fa\u010dastnen\u00e9 strany vo veci pren\u00e1jmu, predaja, alebo zabezpe\u010denia a spr\u00e1vy nehnute\u013enosti.<\/p>\n\n\n\n<p>M\u00e1 dlhodob\u00e9 sk\u00fasenosti v oblasti spr\u00e1vy nehnute\u013enost\u00ed  ( p\u00f4sobenie v CBRE  ), ako aj pren\u00e1jmu, \u010di predaja.<\/p>\n\n\n\n<p>Spolupracujeme s renomovanou  realitnou spolo\u010dnos\u0165ou a spolo\u010dne V\u00e1m predlo\u017e\u00edme n\u00e1vrh spolupr\u00e1ce a slu\u017eieb tak, aby sme udr\u017eali a zve\u013ea\u010fovali Va\u0161e reality k vz\u00e1jomnej spokojnosti.<\/p>\n\n\n\n<p><\/p>\n\n\n\n<p><\/p>\n","protected":false},"excerpt":{"rendered":"<p>Medi\u00e1cia v realit\u00e1ch: Peter Kremnick\u00fd m\u00e1 25 ro\u010dn\u00e9 sk\u00fasenosti so spr\u00e1vou , pren\u00e1jmom, k\u00fapou \u010di predajom nehnute\u013enost\u00ed. Absolvoval akreditovan\u00fd kurz v renomovanej realitnej kancel\u00e1rii REMAX a svoje sk\u00fasenosti vie pon\u00faknu\u0165 aj pri medi\u00e1cii s majetkom , pr\u00edpadne jeho predajom. St\u00e1va sa, \u017ee viacer\u00ed majitelia nehnute\u013enost\u00ed, bytu \u010di firmy, nedok\u00e1\u017eu spolo\u010dne komunikova\u0165 vo veci organiz\u00e1cie ,&#8230;<\/p>\n","protected":false},"author":1,"featured_media":0,"parent":0,"menu_order":0,"comment_status":"closed","ping_status":"closed","template":"","meta":{"_kad_post_transparent":"","_kad_post_title":"","_kad_post_layout":"","_kad_post_sidebar_id":"","_kad_post_content_style":"","_kad_post_vertical_padding":"","_kad_post_feature":"","_kad_post_feature_position":"","_kad_post_header":false,"_kad_post_footer":false,"_kad_post_classname":"","footnotes":""},"class_list":["post-242","page","type-page","status-publish","hentry"],"_wp_page_template":"default","_wp_attached_file":null,"_wp_attachment_metadata":null,"_wp_attachment_context":null,"_wp_attachment_backup_sizes":null,"_oembed_7db31f74be093c6da909646db45cc605":"","_menu_item_type":null,"_menu_item_menu_item_parent":null,"_menu_item_object_id":null,"_menu_item_object":null,"_menu_item_target":null,"_menu_item_classes":null,"_menu_item_xfn":null,"_menu_item_url":null,"_wp_attachment_is_custom_background":null,"_wp_attachment_custom_header_last_used_hestia":null,"_wp_attachment_is_custom_header":null,"_oembed_4d09016f14f53c9f4c492ac5cfff7852":"","_oembed_15efc3a9fcd826f81afe7cb01107b9cc":null,"wpforms_entries_count":null,"_wp_old_date":null,"_oembed_8842e4268de16ecd05c3703bf7eeabf4":"{{unknown}}","_encloseme":null,"_wp_suggested_privacy_policy_content":"","_edit_lock":"1719494608:1","_edit_last":"1","obfx-header-scripts":"","obfx-footer-scripts":"","_links":{"self":[{"href":"http:\/\/mediacne.sk\/wp-json\/wp\/v2\/pages\/242","targetHints":{"allow":["GET"]}}],"collection":[{"href":"http:\/\/mediacne.sk\/wp-json\/wp\/v2\/pages"}],"about":[{"href":"http:\/\/mediacne.sk\/wp-json\/wp\/v2\/types\/page"}],"author":[{"embeddable":true,"href":"http:\/\/mediacne.sk\/wp-json\/wp\/v2\/users\/1"}],"replies":[{"embeddable":true,"href":"http:\/\/mediacne.sk\/wp-json\/wp\/v2\/comments?post=242"}],"version-history":[{"count":11,"href":"http:\/\/mediacne.sk\/wp-json\/wp\/v2\/pages\/242\/revisions"}],"predecessor-version":[{"id":290,"href":"http:\/\/mediacne.sk\/wp-json\/wp\/v2\/pages\/242\/revisions\/290"}],"wp:attachment":[{"href":"http:\/\/mediacne.sk\/wp-json\/wp\/v2\/media?parent=242"}],"curies":[{"name":"wp","href":"https:\/\/api.w.org\/{rel}","templated":true}]}}