{"id":490,"date":"2025-07-09T08:42:42","date_gmt":"2025-07-09T06:42:42","guid":{"rendered":"https:\/\/mediacne.sk\/?page_id=490"},"modified":"2025-07-09T08:42:42","modified_gmt":"2025-07-09T06:42:42","slug":"co-potrebujete-vediet-o-rodicovskej-dohode","status":"publish","type":"page","link":"http:\/\/mediacne.sk\/co-potrebujete-vediet-o-rodicovskej-dohode\/","title":{"rendered":"\u010co potrebujete vedie\u0165 o rodi\u010dovskej dohode?"},"content":{"rendered":"\n<p>Mo\u017eno sa pr\u00e1ve nach\u00e1dzate v situ\u00e1cii, ke\u010f va\u0161e deti rie\u0161ia rozchod a vy sa ob\u00e1vate, ako to ovplyvn\u00ed va\u0161e vn\u00fa\u010dat\u00e1. Alebo mo\u017eno pr\u00e1ve vy ste ten, kto chce ma\u0165 jasno v tom, ako a kedy bude m\u00f4c\u0165 tr\u00e1vi\u0165 \u010das so svojimi vn\u00fa\u010datkami. Po\u010fme sa na to spolo\u010dne a jednoducho pozrie\u0165.<\/p>\n\n\n\n<h4 class=\"wp-block-heading\"><strong>S\u00favis\u00ed \u010das s de\u0165mi s platen\u00edm v\u00fd\u017eivn\u00e9ho?<\/strong><\/h4>\n\n\n\n<p>Toto je ve\u013emi \u010dast\u00e1 ot\u00e1zka a je dobr\u00e9 v tom ma\u0165 jasno:&nbsp;<strong>Nie, nes\u00favis\u00ed.<\/strong><\/p>\n\n\n\n<p>S\u00fa to dve \u00faplne oddelen\u00e9 veci. To, \u010di rodi\u010d plat\u00ed alebo neplat\u00ed v\u00fd\u017eivn\u00e9, nem\u00e1 \u017eiadny vplyv na jeho pr\u00e1vo tr\u00e1vi\u0165 \u010das s die\u0165a\u0165om. A naopak, aj ke\u010f sa rodi\u010d s die\u0165a\u0165om nestret\u00e1va, povinnos\u0165 plati\u0165 v\u00fd\u017eivn\u00e9 mu zvy\u010dajne zost\u00e1va. Nikto nem\u00f4\u017ee tomu druh\u00e9mu zak\u00e1za\u0165 stret\u00e1va\u0165 sa s die\u0165a\u0165om len preto, \u017ee nezaplatil.<\/p>\n\n\n\n<h4 class=\"wp-block-heading\"><strong>\u010co je to vlastne t\u00e1 rodi\u010dovsk\u00e1 dohoda?<\/strong><\/h4>\n\n\n\n<p>Predstavte si to ako p\u00edsomn\u00fd pl\u00e1n, na ktorom sa rodi\u010dia po rozchode dohodn\u00fa. V tomto pl\u00e1ne si jasne stanovia, ako sa bud\u00fa spolo\u010dne stara\u0165 o svoje deti. Rie\u0161i sa v \u0148om:<\/p>\n\n\n\n<ul class=\"wp-block-list\">\n<li><strong>Kto a kedy bude s de\u0165mi tr\u00e1vi\u0165 \u010das.<\/strong><\/li>\n\n\n\n<li><strong>Kto bude rozhodova\u0165 o d\u00f4le\u017eit\u00fdch veciach<\/strong>\u00a0(napr\u00edklad o \u0161kole, lek\u00e1roch, kr\u00fa\u017ekoch).<\/li>\n\n\n\n<li><strong>Ak\u00e9ko\u013evek \u010fal\u0161ie praktick\u00e9 z\u00e1le\u017eitosti.<\/strong><\/li>\n<\/ul>\n\n\n\n<p>Hlavn\u00fdm cie\u013eom je v\u017edy to, aby to bolo&nbsp;<strong>to najlep\u0161ie pre die\u0165a<\/strong>. Hoci tak\u00e1to dohoda nie je povinn\u00e1 zo z\u00e1kona, je to najlep\u0161\u00ed sp\u00f4sob, ako sa vyhn\u00fa\u0165 bud\u00facim h\u00e1dkam a nedorozumeniam.<\/p>\n\n\n\n<h4 class=\"wp-block-heading\"><strong>\u010co by v takej dohode nemalo ch\u00fdba\u0165?<\/strong><\/h4>\n\n\n\n<ul class=\"wp-block-list\">\n<li><strong>Z\u00e1ujem die\u0165a\u0165a na prvom mieste:<\/strong>\u00a0V\u0161etko sa to\u010d\u00ed okolo toho, \u010do je pre die\u0165a najlep\u0161ie.<\/li>\n\n\n\n<li><strong>Rozdelenie \u010dasu:<\/strong>\u00a0Presn\u00fd a jasn\u00fd rozpis, kedy je die\u0165a u mamy a kedy u otca. Napr\u00edklad sviatky, pr\u00e1zdniny, be\u017en\u00e9 v\u00edkendy.<\/li>\n\n\n\n<li><strong>Rozhodovanie:<\/strong>\u00a0Kto m\u00e1 hlavn\u00e9 slovo pri d\u00f4le\u017eit\u00fdch rozhodnutiach? Alebo sa bud\u00fa rozhodova\u0165 spolo\u010dne?<\/li>\n\n\n\n<li><strong>Pru\u017enos\u0165:<\/strong>\u00a0Deti rast\u00fa a ich potreby sa menia. Dobr\u00e1 dohoda mysl\u00ed na to, \u017ee sa \u010dasom m\u00f4\u017ee upravi\u0165.<\/li>\n\n\n\n<li><strong>N\u00e1zor die\u0165a\u0165a:<\/strong>\u00a0Pri star\u0161\u00edch de\u0165och je dobr\u00e9 bra\u0165 do \u00favahy aj ich priania a n\u00e1zory. Samozrejme, kone\u010dn\u00e9 rozhodnutie robia rodi\u010dia, ale vypo\u010du\u0165 ich je d\u00f4le\u017eit\u00e9.<\/li>\n\n\n\n<li><strong>Mo\u017enos\u0165 schv\u00e1lenia s\u00fadom:<\/strong>\u00a0Ak sa dohoda sp\u00ed\u0161e a pod\u00e1 na s\u00fad, stane sa rovnako z\u00e1v\u00e4znou ako s\u00fadne rozhodnutie. To znamen\u00e1, \u017ee sa d\u00e1 jej plnenie aj vym\u00e1ha\u0165.<\/li>\n<\/ul>\n\n\n\n<h4 class=\"wp-block-heading\"><strong>Dohody o styku (napr\u00edklad pre star\u00fdch rodi\u010dov)<\/strong><\/h4>\n\n\n\n<p>Rodi\u010dia sa m\u00f4\u017eu v dohode venova\u0165 nielen sebe navz\u00e1jom, ale m\u00f4\u017eu upravi\u0165 aj&nbsp;<strong>styk die\u0165a\u0165a s \u010fal\u0161\u00edmi bl\u00edzkymi osobami<\/strong>&nbsp;\u2013 napr\u00edklad s vami, star\u00fdmi rodi\u010dmi.<\/p>\n\n\n\n<p><strong>D\u00f4le\u017eit\u00e9 je vedie\u0165:<\/strong><\/p>\n\n\n\n<ul class=\"wp-block-list\">\n<li>Tak\u00e9to dohody sa daj\u00fa uzatv\u00e1ra\u0165 a\u017e po rozchode rodi\u010dov. Ned\u00e1 sa dopredu odhadn\u00fa\u0165, \u010do bude pre die\u0165a dobr\u00e9 o nieko\u013eko rokov.<\/li>\n\n\n\n<li>So stykom die\u0165a\u0165a s niek\u00fdm in\u00fdm (napr\u00edklad s vami) musia s\u00fahlasi\u0165 obaja rodi\u010dia, ktor\u00ed maj\u00fa die\u0165a v opatere.<\/li>\n\n\n\n<li>Ak dohoda nie je v z\u00e1ujme die\u0165a\u0165a, s\u00fad ju m\u00f4\u017ee zru\u0161i\u0165 a rozhodn\u00fa\u0165 inak.<\/li>\n<\/ul>\n\n\n\n<h4 class=\"wp-block-heading\"><strong>Rada na z\u00e1ver<\/strong><\/h4>\n\n\n\n<p>Ak sa va\u0161e deti alebo vy sami nach\u00e1dzate v takejto zlo\u017eitej situ\u00e1cii, neost\u00e1vajte na to sami. Najlep\u0161\u00edm krokom je poradi\u0165 sa s medi\u00e1torom. Medi\u00e1tor je nestrann\u00e1 osoba, ktor\u00e1 v\u00e1m pom\u00f4\u017ee n\u00e1js\u0165 spolo\u010dn\u00fa re\u010d a zostavi\u0165 dohodu, ktor\u00e1 bude re\u0161pektova\u0165 potreby v\u0161etk\u00fdch \u2013 a hlavne, ktor\u00e1 zaist\u00ed pokoj a blaho va\u0161ich det\u00ed a vn\u00fa\u010dat<\/p>\n\n\n\n<p><\/p>\n\n\n\n<p>v\u00e1\u0161 team mediacne.sk<\/p>\n\n\n\n<p><\/p>\n","protected":false},"excerpt":{"rendered":"<p>Mo\u017eno sa pr\u00e1ve nach\u00e1dzate v situ\u00e1cii, ke\u010f va\u0161e deti rie\u0161ia rozchod a vy sa ob\u00e1vate, ako to ovplyvn\u00ed va\u0161e vn\u00fa\u010dat\u00e1. Alebo mo\u017eno pr\u00e1ve vy ste ten, kto chce ma\u0165 jasno v tom, ako a kedy bude m\u00f4c\u0165 tr\u00e1vi\u0165 \u010das so svojimi vn\u00fa\u010datkami. Po\u010fme sa na to spolo\u010dne a jednoducho pozrie\u0165. S\u00favis\u00ed \u010das s de\u0165mi s&#8230;<\/p>\n","protected":false},"author":1,"featured_media":491,"parent":0,"menu_order":0,"comment_status":"closed","ping_status":"closed","template":"","meta":{"_kad_post_transparent":"","_kad_post_title":"","_kad_post_layout":"","_kad_post_sidebar_id":"","_kad_post_content_style":"","_kad_post_vertical_padding":"","_kad_post_feature":"","_kad_post_feature_position":"","_kad_post_header":false,"_kad_post_footer":false,"_kad_post_classname":"","footnotes":""},"class_list":["post-490","page","type-page","status-publish","has-post-thumbnail","hentry"],"_wp_page_template":"","_wp_attached_file":null,"_wp_attachment_metadata":null,"_wp_attachment_context":null,"_wp_attachment_backup_sizes":null,"_oembed_7db31f74be093c6da909646db45cc605":"","_menu_item_type":null,"_menu_item_menu_item_parent":null,"_menu_item_object_id":null,"_menu_item_object":null,"_menu_item_target":null,"_menu_item_classes":null,"_menu_item_xfn":null,"_menu_item_url":null,"_wp_attachment_is_custom_background":null,"_wp_attachment_custom_header_last_used_hestia":null,"_wp_attachment_is_custom_header":null,"_oembed_4d09016f14f53c9f4c492ac5cfff7852":"","_oembed_15efc3a9fcd826f81afe7cb01107b9cc":null,"wpforms_entries_count":null,"_wp_old_date":null,"_oembed_8842e4268de16ecd05c3703bf7eeabf4":"","_encloseme":null,"_wp_suggested_privacy_policy_content":"","_edit_lock":"1776527842:1","_edit_last":"1","obfx-header-scripts":"","obfx-footer-scripts":"","_links":{"self":[{"href":"http:\/\/mediacne.sk\/wp-json\/wp\/v2\/pages\/490","targetHints":{"allow":["GET"]}}],"collection":[{"href":"http:\/\/mediacne.sk\/wp-json\/wp\/v2\/pages"}],"about":[{"href":"http:\/\/mediacne.sk\/wp-json\/wp\/v2\/types\/page"}],"author":[{"embeddable":true,"href":"http:\/\/mediacne.sk\/wp-json\/wp\/v2\/users\/1"}],"replies":[{"embeddable":true,"href":"http:\/\/mediacne.sk\/wp-json\/wp\/v2\/comments?post=490"}],"version-history":[{"count":1,"href":"http:\/\/mediacne.sk\/wp-json\/wp\/v2\/pages\/490\/revisions"}],"predecessor-version":[{"id":492,"href":"http:\/\/mediacne.sk\/wp-json\/wp\/v2\/pages\/490\/revisions\/492"}],"wp:featuredmedia":[{"embeddable":true,"href":"http:\/\/mediacne.sk\/wp-json\/wp\/v2\/media\/491"}],"wp:attachment":[{"href":"http:\/\/mediacne.sk\/wp-json\/wp\/v2\/media?parent=490"}],"curies":[{"name":"wp","href":"https:\/\/api.w.org\/{rel}","templated":true}]}}